{"id":891,"date":"2025-02-13T13:30:35","date_gmt":"2025-02-13T13:30:35","guid":{"rendered":"http:\/\/jagacats.pl\/?page_id=891"},"modified":"2025-02-15T12:36:48","modified_gmt":"2025-02-15T12:36:48","slug":"logan-tulajpl","status":"publish","type":"page","link":"http:\/\/jagacats.pl\/?page_id=891","title":{"rendered":"Logan TULAJ*PL"},"content":{"rendered":"\n<pre class=\"wp-block-verse\"><a href=\"https:\/\/ssl.felispolonia.eu\/rodowod.php?hid=6s8dz0m7\">Rodow\u00f3d <\/a><br>DOB: <br>Kolor: czekoladowy pr\u0119gowany point syjamski z biel\u0105<br>EMS: DRX b 09 21 33<\/pre>\n\n\n\n<figure class=\"wp-block-gallery has-nested-images columns-default is-cropped wp-block-gallery-1 is-layout-flex wp-block-gallery-is-layout-flex\">\n<figure class=\"wp-block-image size-large\"><a href=\"http:\/\/jagacats.pl\/wp-content\/uploads\/2025\/02\/P1840879-kopia-1-scaled.jpg\"><img loading=\"lazy\" decoding=\"async\" width=\"1024\" height=\"819\" data-id=\"895\" src=\"http:\/\/jagacats.pl\/wp-content\/uploads\/2025\/02\/P1840879-kopia-1-1024x819.jpg\" alt=\"\" class=\"wp-image-895\" srcset=\"http:\/\/jagacats.pl\/wp-content\/uploads\/2025\/02\/P1840879-kopia-1-1024x819.jpg 1024w, http:\/\/jagacats.pl\/wp-content\/uploads\/2025\/02\/P1840879-kopia-1-300x240.jpg 300w, http:\/\/jagacats.pl\/wp-content\/uploads\/2025\/02\/P1840879-kopia-1-768x614.jpg 768w, http:\/\/jagacats.pl\/wp-content\/uploads\/2025\/02\/P1840879-kopia-1-1536x1229.jpg 1536w, http:\/\/jagacats.pl\/wp-content\/uploads\/2025\/02\/P1840879-kopia-1-2048x1638.jpg 2048w\" sizes=\"auto, (max-width: 706px) 89vw, (max-width: 767px) 82vw, 740px\" \/><\/a><\/figure>\n\n\n\n<figure class=\"wp-block-image size-large\"><a href=\"http:\/\/jagacats.pl\/wp-content\/uploads\/2025\/02\/P1840907-kopia-scaled.jpg\"><img loading=\"lazy\" decoding=\"async\" width=\"819\" height=\"1024\" data-id=\"892\" src=\"http:\/\/jagacats.pl\/wp-content\/uploads\/2025\/02\/P1840907-kopia-819x1024.jpg\" alt=\"\" class=\"wp-image-892\" srcset=\"http:\/\/jagacats.pl\/wp-content\/uploads\/2025\/02\/P1840907-kopia-819x1024.jpg 819w, http:\/\/jagacats.pl\/wp-content\/uploads\/2025\/02\/P1840907-kopia-240x300.jpg 240w, http:\/\/jagacats.pl\/wp-content\/uploads\/2025\/02\/P1840907-kopia-768x960.jpg 768w, http:\/\/jagacats.pl\/wp-content\/uploads\/2025\/02\/P1840907-kopia-1229x1536.jpg 1229w, http:\/\/jagacats.pl\/wp-content\/uploads\/2025\/02\/P1840907-kopia-1638x2048.jpg 1638w, http:\/\/jagacats.pl\/wp-content\/uploads\/2025\/02\/P1840907-kopia-scaled.jpg 2048w\" sizes=\"auto, (max-width: 706px) 89vw, (max-width: 767px) 82vw, 740px\" \/><\/a><\/figure>\n\n\n\n<figure class=\"wp-block-image size-large\"><a href=\"http:\/\/jagacats.pl\/wp-content\/uploads\/2025\/02\/P1840909-kopia-scaled.jpg\"><img loading=\"lazy\" decoding=\"async\" width=\"819\" height=\"1024\" data-id=\"893\" src=\"http:\/\/jagacats.pl\/wp-content\/uploads\/2025\/02\/P1840909-kopia-819x1024.jpg\" alt=\"\" class=\"wp-image-893\" srcset=\"http:\/\/jagacats.pl\/wp-content\/uploads\/2025\/02\/P1840909-kopia-819x1024.jpg 819w, http:\/\/jagacats.pl\/wp-content\/uploads\/2025\/02\/P1840909-kopia-240x300.jpg 240w, http:\/\/jagacats.pl\/wp-content\/uploads\/2025\/02\/P1840909-kopia-768x960.jpg 768w, http:\/\/jagacats.pl\/wp-content\/uploads\/2025\/02\/P1840909-kopia-1229x1536.jpg 1229w, http:\/\/jagacats.pl\/wp-content\/uploads\/2025\/02\/P1840909-kopia-1638x2048.jpg 1638w, http:\/\/jagacats.pl\/wp-content\/uploads\/2025\/02\/P1840909-kopia-scaled.jpg 2048w\" sizes=\"auto, (max-width: 706px) 89vw, (max-width: 767px) 82vw, 740px\" \/><\/a><\/figure>\n\n\n\n<figure class=\"wp-block-image size-large\"><a href=\"http:\/\/jagacats.pl\/wp-content\/uploads\/2025\/02\/P1840921-kopia-1-scaled.jpg\"><img decoding=\"async\" data-id=\"896\" src=\"http:\/\/jagacats.pl\/wp-content\/uploads\/2025\/02\/P1840921-kopia-1-819x1024.jpg\" alt=\"\" class=\"wp-image-896\"\/><\/a><\/figure>\n\n\n\n<figure class=\"wp-block-image size-large\"><a href=\"http:\/\/jagacats.pl\/wp-content\/uploads\/2025\/02\/P1850063-kopia-scaled.jpg\"><img loading=\"lazy\" decoding=\"async\" width=\"1024\" height=\"819\" data-id=\"996\" src=\"http:\/\/jagacats.pl\/wp-content\/uploads\/2025\/02\/P1850063-kopia-1024x819.jpg\" alt=\"\" class=\"wp-image-996\" srcset=\"http:\/\/jagacats.pl\/wp-content\/uploads\/2025\/02\/P1850063-kopia-1024x819.jpg 1024w, http:\/\/jagacats.pl\/wp-content\/uploads\/2025\/02\/P1850063-kopia-300x240.jpg 300w, http:\/\/jagacats.pl\/wp-content\/uploads\/2025\/02\/P1850063-kopia-768x614.jpg 768w, http:\/\/jagacats.pl\/wp-content\/uploads\/2025\/02\/P1850063-kopia-1536x1229.jpg 1536w, http:\/\/jagacats.pl\/wp-content\/uploads\/2025\/02\/P1850063-kopia-2048x1638.jpg 2048w\" sizes=\"auto, (max-width: 706px) 89vw, (max-width: 767px) 82vw, 740px\" \/><\/a><\/figure>\n<\/figure>\n","protected":false},"excerpt":{"rendered":"<p>Rodow\u00f3d DOB: Kolor: czekoladowy pr\u0119gowany point syjamski z biel\u0105EMS: DRX b 09 21 33<\/p>\n","protected":false},"author":1,"featured_media":896,"parent":0,"menu_order":0,"comment_status":"closed","ping_status":"closed","template":"","meta":{"footnotes":""},"class_list":["post-891","page","type-page","status-publish","has-post-thumbnail","hentry"],"_links":{"self":[{"href":"http:\/\/jagacats.pl\/index.php?rest_route=\/wp\/v2\/pages\/891","targetHints":{"allow":["GET"]}}],"collection":[{"href":"http:\/\/jagacats.pl\/index.php?rest_route=\/wp\/v2\/pages"}],"about":[{"href":"http:\/\/jagacats.pl\/index.php?rest_route=\/wp\/v2\/types\/page"}],"author":[{"embeddable":true,"href":"http:\/\/jagacats.pl\/index.php?rest_route=\/wp\/v2\/users\/1"}],"replies":[{"embeddable":true,"href":"http:\/\/jagacats.pl\/index.php?rest_route=%2Fwp%2Fv2%2Fcomments&post=891"}],"version-history":[{"count":3,"href":"http:\/\/jagacats.pl\/index.php?rest_route=\/wp\/v2\/pages\/891\/revisions"}],"predecessor-version":[{"id":998,"href":"http:\/\/jagacats.pl\/index.php?rest_route=\/wp\/v2\/pages\/891\/revisions\/998"}],"wp:featuredmedia":[{"embeddable":true,"href":"http:\/\/jagacats.pl\/index.php?rest_route=\/wp\/v2\/media\/896"}],"wp:attachment":[{"href":"http:\/\/jagacats.pl\/index.php?rest_route=%2Fwp%2Fv2%2Fmedia&parent=891"}],"curies":[{"name":"wp","href":"https:\/\/api.w.org\/{rel}","templated":true}]}}