{"id":550,"date":"2024-03-07T13:49:19","date_gmt":"2024-03-07T13:49:19","guid":{"rendered":"http:\/\/jagacats.pl\/?page_id=550"},"modified":"2024-03-07T14:44:21","modified_gmt":"2024-03-07T14:44:21","slug":"witajcie-na-stronie-hodowli-kotow-rasy-devon-rex-jagapl-english","status":"publish","type":"page","link":"http:\/\/jagacats.pl\/?page_id=550&lang=en","title":{"rendered":"Welcome to the website of the Devon Rex cattery- Jaga*PL"},"content":{"rendered":"\n<p>Our cattery belongs to the Polish Felinological Federation Felis Polonia, which is part of the F\u00e9d\u00e9ration Internationale F\u00e9line (FIFe), which belongs to the world&#8217;s largest cat organization &#8211; World Cat Congress (WCC). Each of our cats has a five-generation pedigree proving its origin.<\/p>\n","protected":false},"excerpt":{"rendered":"<p>Our cattery belongs to the Polish Felinological Federation Felis Polonia, which is part of the F\u00e9d\u00e9ration Internationale F\u00e9line (FIFe), which belongs to the world&#8217;s largest cat organization &#8211; World Cat Congress (WCC). Each of our cats has a five-generation pedigree proving its origin.<\/p>\n","protected":false},"author":1,"featured_media":0,"parent":0,"menu_order":0,"comment_status":"closed","ping_status":"closed","template":"","meta":{"footnotes":""},"class_list":["post-550","page","type-page","status-publish","hentry"],"_links":{"self":[{"href":"http:\/\/jagacats.pl\/index.php?rest_route=\/wp\/v2\/pages\/550","targetHints":{"allow":["GET"]}}],"collection":[{"href":"http:\/\/jagacats.pl\/index.php?rest_route=\/wp\/v2\/pages"}],"about":[{"href":"http:\/\/jagacats.pl\/index.php?rest_route=\/wp\/v2\/types\/page"}],"author":[{"embeddable":true,"href":"http:\/\/jagacats.pl\/index.php?rest_route=\/wp\/v2\/users\/1"}],"replies":[{"embeddable":true,"href":"http:\/\/jagacats.pl\/index.php?rest_route=%2Fwp%2Fv2%2Fcomments&post=550"}],"version-history":[{"count":1,"href":"http:\/\/jagacats.pl\/index.php?rest_route=\/wp\/v2\/pages\/550\/revisions"}],"predecessor-version":[{"id":573,"href":"http:\/\/jagacats.pl\/index.php?rest_route=\/wp\/v2\/pages\/550\/revisions\/573"}],"wp:attachment":[{"href":"http:\/\/jagacats.pl\/index.php?rest_route=%2Fwp%2Fv2%2Fmedia&parent=550"}],"curies":[{"name":"wp","href":"https:\/\/api.w.org\/{rel}","templated":true}]}}