{"id":195,"date":"2024-03-06T15:57:17","date_gmt":"2024-03-06T15:57:17","guid":{"rendered":"http:\/\/jagacats.pl\/?page_id=195"},"modified":"2024-03-06T19:55:32","modified_gmt":"2024-03-06T19:55:32","slug":"igla-jagapl","status":"publish","type":"page","link":"http:\/\/jagacats.pl\/?page_id=195","title":{"rendered":"Ig\u0142a JAGA*PL"},"content":{"rendered":"\n<pre class=\"wp-block-verse\"><a href=\"https:\/\/ssl.felispolonia.eu\/rodowod.php?hid=5j7m6k46x\">RODOW\u00d3D<\/a>\nDOB: \nKOLOR: p\u0142owy szylkret pr\u0119gowany\n<\/pre>\n\n\n\n<figure class=\"wp-block-gallery has-nested-images columns-default is-cropped wp-block-gallery-1 is-layout-flex wp-block-gallery-is-layout-flex\">\n<figure class=\"wp-block-image size-large\"><img loading=\"lazy\" decoding=\"async\" width=\"1024\" height=\"819\" data-id=\"238\" src=\"http:\/\/jagacats.pl\/wp-content\/uploads\/2024\/03\/278316602_5255016711215339_8297808424490371859_n-4-1024x819.jpg\" alt=\"\" class=\"wp-image-238\" srcset=\"http:\/\/jagacats.pl\/wp-content\/uploads\/2024\/03\/278316602_5255016711215339_8297808424490371859_n-4-1024x819.jpg 1024w, http:\/\/jagacats.pl\/wp-content\/uploads\/2024\/03\/278316602_5255016711215339_8297808424490371859_n-4-300x240.jpg 300w, http:\/\/jagacats.pl\/wp-content\/uploads\/2024\/03\/278316602_5255016711215339_8297808424490371859_n-4-768x614.jpg 768w, http:\/\/jagacats.pl\/wp-content\/uploads\/2024\/03\/278316602_5255016711215339_8297808424490371859_n-4-1536x1229.jpg 1536w, http:\/\/jagacats.pl\/wp-content\/uploads\/2024\/03\/278316602_5255016711215339_8297808424490371859_n-4.jpg 1984w\" sizes=\"auto, (max-width: 706px) 89vw, (max-width: 767px) 82vw, 740px\" \/><\/figure>\n\n\n\n<figure class=\"wp-block-image size-large\"><img loading=\"lazy\" decoding=\"async\" width=\"1024\" height=\"1024\" data-id=\"237\" src=\"http:\/\/jagacats.pl\/wp-content\/uploads\/2024\/03\/406736155_857259353074794_2871774805165831373_n-1-1024x1024.jpg\" alt=\"\" class=\"wp-image-237\" srcset=\"http:\/\/jagacats.pl\/wp-content\/uploads\/2024\/03\/406736155_857259353074794_2871774805165831373_n-1-1024x1024.jpg 1024w, http:\/\/jagacats.pl\/wp-content\/uploads\/2024\/03\/406736155_857259353074794_2871774805165831373_n-1-300x300.jpg 300w, http:\/\/jagacats.pl\/wp-content\/uploads\/2024\/03\/406736155_857259353074794_2871774805165831373_n-1-150x150.jpg 150w, http:\/\/jagacats.pl\/wp-content\/uploads\/2024\/03\/406736155_857259353074794_2871774805165831373_n-1-768x768.jpg 768w, http:\/\/jagacats.pl\/wp-content\/uploads\/2024\/03\/406736155_857259353074794_2871774805165831373_n-1-1536x1536.jpg 1536w, http:\/\/jagacats.pl\/wp-content\/uploads\/2024\/03\/406736155_857259353074794_2871774805165831373_n-1-100x100.jpg 100w, http:\/\/jagacats.pl\/wp-content\/uploads\/2024\/03\/406736155_857259353074794_2871774805165831373_n-1.jpg 2048w\" sizes=\"auto, (max-width: 706px) 89vw, (max-width: 767px) 82vw, 740px\" \/><\/figure>\n\n\n\n<figure class=\"wp-block-image size-large\"><img loading=\"lazy\" decoding=\"async\" width=\"1024\" height=\"1024\" data-id=\"234\" src=\"http:\/\/jagacats.pl\/wp-content\/uploads\/2024\/03\/347270968_729085529225511_5963317075367721075_n-3-1024x1024.jpg\" alt=\"\" class=\"wp-image-234\" srcset=\"http:\/\/jagacats.pl\/wp-content\/uploads\/2024\/03\/347270968_729085529225511_5963317075367721075_n-3-1024x1024.jpg 1024w, http:\/\/jagacats.pl\/wp-content\/uploads\/2024\/03\/347270968_729085529225511_5963317075367721075_n-3-300x300.jpg 300w, http:\/\/jagacats.pl\/wp-content\/uploads\/2024\/03\/347270968_729085529225511_5963317075367721075_n-3-150x150.jpg 150w, http:\/\/jagacats.pl\/wp-content\/uploads\/2024\/03\/347270968_729085529225511_5963317075367721075_n-3-768x768.jpg 768w, http:\/\/jagacats.pl\/wp-content\/uploads\/2024\/03\/347270968_729085529225511_5963317075367721075_n-3-1536x1536.jpg 1536w, http:\/\/jagacats.pl\/wp-content\/uploads\/2024\/03\/347270968_729085529225511_5963317075367721075_n-3-100x100.jpg 100w, http:\/\/jagacats.pl\/wp-content\/uploads\/2024\/03\/347270968_729085529225511_5963317075367721075_n-3.jpg 2048w\" sizes=\"auto, (max-width: 706px) 89vw, (max-width: 767px) 82vw, 740px\" \/><\/figure>\n\n\n\n<figure class=\"wp-block-image size-large\"><img loading=\"lazy\" decoding=\"async\" width=\"1024\" height=\"769\" data-id=\"232\" src=\"http:\/\/jagacats.pl\/wp-content\/uploads\/2024\/03\/351515735_728705442596853_1078110812722516221_n-1-1024x769.jpg\" alt=\"\" class=\"wp-image-232\" srcset=\"http:\/\/jagacats.pl\/wp-content\/uploads\/2024\/03\/351515735_728705442596853_1078110812722516221_n-1-1024x769.jpg 1024w, http:\/\/jagacats.pl\/wp-content\/uploads\/2024\/03\/351515735_728705442596853_1078110812722516221_n-1-300x225.jpg 300w, http:\/\/jagacats.pl\/wp-content\/uploads\/2024\/03\/351515735_728705442596853_1078110812722516221_n-1-768x577.jpg 768w, http:\/\/jagacats.pl\/wp-content\/uploads\/2024\/03\/351515735_728705442596853_1078110812722516221_n-1-1536x1154.jpg 1536w, http:\/\/jagacats.pl\/wp-content\/uploads\/2024\/03\/351515735_728705442596853_1078110812722516221_n-1.jpg 2048w\" sizes=\"auto, (max-width: 706px) 89vw, (max-width: 767px) 82vw, 740px\" \/><\/figure>\n<\/figure>\n","protected":false},"excerpt":{"rendered":"<p>RODOW\u00d3D DOB: KOLOR: p\u0142owy szylkret pr\u0119gowany<\/p>\n","protected":false},"author":1,"featured_media":0,"parent":0,"menu_order":0,"comment_status":"closed","ping_status":"closed","template":"","meta":{"footnotes":""},"class_list":["post-195","page","type-page","status-publish","hentry"],"_links":{"self":[{"href":"http:\/\/jagacats.pl\/index.php?rest_route=\/wp\/v2\/pages\/195","targetHints":{"allow":["GET"]}}],"collection":[{"href":"http:\/\/jagacats.pl\/index.php?rest_route=\/wp\/v2\/pages"}],"about":[{"href":"http:\/\/jagacats.pl\/index.php?rest_route=\/wp\/v2\/types\/page"}],"author":[{"embeddable":true,"href":"http:\/\/jagacats.pl\/index.php?rest_route=\/wp\/v2\/users\/1"}],"replies":[{"embeddable":true,"href":"http:\/\/jagacats.pl\/index.php?rest_route=%2Fwp%2Fv2%2Fcomments&post=195"}],"version-history":[{"count":3,"href":"http:\/\/jagacats.pl\/index.php?rest_route=\/wp\/v2\/pages\/195\/revisions"}],"predecessor-version":[{"id":245,"href":"http:\/\/jagacats.pl\/index.php?rest_route=\/wp\/v2\/pages\/195\/revisions\/245"}],"wp:attachment":[{"href":"http:\/\/jagacats.pl\/index.php?rest_route=%2Fwp%2Fv2%2Fmedia&parent=195"}],"curies":[{"name":"wp","href":"https:\/\/api.w.org\/{rel}","templated":true}]}}